{"id":1681,"date":"2015-12-04T02:09:22","date_gmt":"2015-12-04T02:09:22","guid":{"rendered":"https:\/\/twl.it\/unsere-geschichte\/"},"modified":"2025-09-25T08:20:48","modified_gmt":"2025-09-25T08:20:48","slug":"unsere-geschichte","status":"publish","type":"page","link":"https:\/\/twl.it\/de\/unsere-geschichte\/","title":{"rendered":"Unsere Geschichte"},"content":{"rendered":"<p><div class=\"fusion-fullwidth fullwidth-box fusion-builder-row-1 fusion-flex-container has-pattern-background has-mask-background fusion-parallax-none nonhundred-percent-fullwidth non-hundred-percent-height-scrolling lazyload\" style=\"--awb-border-radius-top-left:0px;--awb-border-radius-top-right:0px;--awb-border-radius-bottom-right:0px;--awb-border-radius-bottom-left:0px;--awb-min-height:350px;--awb-background-size:cover;--awb-flex-wrap:wrap;\" data-bg=\"https:\/\/twl.it\/wp-content\/uploads\/2022\/12\/slide2-1-1.jpg\" ><div class=\"fusion-builder-row fusion-row fusion-flex-align-items-flex-start fusion-flex-align-content-center fusion-flex-content-wrap\" style=\"max-width:1216.8px;margin-left: calc(-4% \/ 2 );margin-right: calc(-4% \/ 2 );\"><div class=\"fusion-layout-column fusion_builder_column fusion-builder-column-0 fusion_builder_column_1_1 1_1 fusion-flex-column fusion-animated\" style=\"--awb-bg-size:cover;--awb-width-large:100%;--awb-margin-top-large:0px;--awb-spacing-right-large:1.92%;--awb-margin-bottom-large:0px;--awb-spacing-left-large:1.92%;--awb-width-medium:100%;--awb-order-medium:0;--awb-spacing-right-medium:1.92%;--awb-spacing-left-medium:1.92%;--awb-width-small:100%;--awb-order-small:0;--awb-spacing-right-small:1.92%;--awb-spacing-left-small:1.92%;\" data-animationType=\"fadeInUp\" data-animationDuration=\"1.0\" data-animationOffset=\"top-into-view\"><div class=\"fusion-column-wrapper fusion-column-has-shadow fusion-flex-justify-content-flex-start fusion-content-layout-column\"><div class=\"fusion-title title fusion-title-1 fusion-sep-none fusion-title-center fusion-title-text fusion-title-size-one\" style=\"--awb-text-color:var(--awb-color1);--awb-margin-bottom:0px;--awb-font-size:var(--awb-typography1-font-size);\"><h1 class=\"fusion-title-heading title-heading-center fusion-responsive-typography-calculated\" style=\"font-family:var(--awb-typography1-font-family);font-weight:var(--awb-typography1-font-weight);font-style:var(--awb-typography1-font-style);margin:0;letter-spacing:var(--awb-typography1-letter-spacing);text-transform:var(--awb-typography1-text-transform);font-size:1em;--fontSize:60;line-height:var(--awb-typography1-line-height);text-shadow:3px 3px 15px var(--awb-color7);\">Unsere Geschichte<\/h1><\/div><\/div><\/div><\/div><\/div><div class=\"fusion-fullwidth fullwidth-box fusion-builder-row-2 fusion-flex-container nonhundred-percent-fullwidth non-hundred-percent-height-scrolling\" style=\"--awb-background-position:left top;--awb-border-sizes-top:0px;--awb-border-sizes-bottom:0px;--awb-border-sizes-left:0px;--awb-border-sizes-right:0px;--awb-border-radius-top-left:0px;--awb-border-radius-top-right:0px;--awb-border-radius-bottom-right:0px;--awb-border-radius-bottom-left:0px;--awb-padding-top:3%;--awb-padding-bottom:2%;--awb-flex-wrap:wrap;\" ><div class=\"fusion-builder-row fusion-row fusion-flex-align-items-flex-start fusion-flex-content-wrap\" style=\"max-width:calc( 1170px + 0px );margin-left: calc(-0px \/ 2 );margin-right: calc(-0px \/ 2 );\"><div class=\"fusion-layout-column fusion_builder_column fusion-builder-column-1 fusion_builder_column_1_1 1_1 fusion-flex-column\" style=\"--awb-padding-right:15%;--awb-padding-left:15%;--awb-padding-right-medium:60px;--awb-padding-left-medium:60px;--awb-padding-right-small:20px;--awb-padding-left-small:20px;--awb-bg-blend:overlay;--awb-bg-size:cover;--awb-width-large:100%;--awb-margin-top-large:50px;--awb-spacing-right-large:0px;--awb-margin-bottom-large:25px;--awb-spacing-left-large:0px;--awb-width-medium:100%;--awb-margin-top-medium:36px;--awb-spacing-right-medium:0px;--awb-spacing-left-medium:0px;--awb-width-small:100%;--awb-margin-top-small:24px;--awb-spacing-right-small:0px;--awb-spacing-left-small:0px;\"><div class=\"fusion-column-wrapper fusion-flex-justify-content-flex-start fusion-content-layout-column\"><div class=\"fusion-text fusion-text-1\"><p data-start=\"68\" data-end=\"248\"><strong data-start=\"68\" data-end=\"85\">T.W.L. S.r.l.<\/strong> <strong>wurde im Jahr 2005<\/strong> gegr\u00fcndet und begann ihre T\u00e4tigkeit als kleines Unternehmen. Im Laufe von \u00fcber 20 Jahren konnte sie ihre Pr\u00e4senz im Transportsektor festigen.<\/p>\n<p data-start=\"250\" data-end=\"472\"><strong>Mit Sitz in Volvera (TO),<\/strong> richtet sich T.W.L. S.r.l. mit seinen <strong>Dienstleistungen vor allem an mittlere und gro\u00dfe Unternehmen<\/strong>, die es durch Beratungsinstrumente unterst\u00fctzt und mit einer Vielzahl technischer L\u00f6sungen versorgt.<\/p>\n<p data-start=\"474\" data-end=\"822\"><strong>Im Jahr 2023 erlebt das Unternehmen eine bedeutende Expansion<\/strong>: Es er\u00f6ffnet einen operativen Standort in <strong>Bozen<\/strong> und erh\u00f6ht die Gesamtzahl der Mitarbeiter auf \u00fcber 15. Dieser strategische Schritt st\u00e4rkt die Position von T.W.L. S.r.l. auf dem Transportmarkt weiter, erm\u00f6glicht eine gr\u00f6\u00dfere regionale Abdeckung und eine erweiterte operative Kapazit\u00e4t.<\/p>\n<p data-start=\"824\" data-end=\"1032\"><strong>T.W.L. S.r.l. w\u00e4chst kontinuierlich<\/strong> weiter und passt sich den sich wandelnden Anforderungen des Sektors an, wobei sie <strong>zugleich ihre Werte von Professionalit\u00e4t, Zuverl\u00e4ssigkeit und Servicequalit\u00e4t<\/strong> beibeh\u00e4lt.<\/p>\n<p data-start=\"1034\" data-end=\"1292\">T.W.L. S.r.l. ist sowohl auf nationaler als auch auf internationaler Ebene t\u00e4tig und bietet <strong>ma\u00dfgeschneiderte Transportl\u00f6sungen<\/strong> an, um eine <strong>breite Palette von Kundenbed\u00fcrfnissen<\/strong> zu erf\u00fcllen \u2013 darunter Sammeltransporte, Komplettladungen und Sondertransporte.<\/p>\n<p data-start=\"1294\" data-end=\"1636\"><strong>Unsere Mission<\/strong> ist es, effektive und zeitnahe L\u00f6sungen anzubieten, die den tats\u00e4chlichen Bed\u00fcrfnissen der Kunden entsprechen, indem wir Professionalit\u00e4t, Spezialisierung und Flexibilit\u00e4t miteinander verbinden. Wir sind der spezialisierte Partner f\u00fcr die L\u00f6sung von Transportproblemen und die Entwicklung <strong>ma\u00dfgeschneiderter Transportl\u00f6sungen.<\/strong><\/p>\n<p data-start=\"1638\" data-end=\"2151\">Unser Transportangebot umfasst <strong>alle wichtigen italienischen und europ\u00e4ischen Verkehrsachsen<\/strong>, einschlie\u00dflich der Verlagerung von \u00fcbergro\u00dfen Industrieanlagen sowie einer breiten Auswahl an Transportmitteln: darunter Planen-Lkw, Kastenwagen, Kipper, Tieflader, Fahrzeuge mit Schwanenhals, Motorwagen mit Ladebordw\u00e4nden, mit Kr\u00e4nen, Gabelstaplern und Motorwagen mit unterschiedlicher Tragf\u00e4higkeit. Dar\u00fcber hinaus bieten wir Express-Transporte innerhalb von 24 Stunden <strong>sowie Sondertransporte mit Begleitfahrzeug<\/strong> an.<\/p>\n<\/div><\/div><\/div><\/div><\/div><div class=\"fusion-bg-parallax\" data-bg-align=\"center bottom\" data-direction=\"down\" data-mute=\"false\" data-opacity=\"100\" data-velocity=\"-0.3\" data-mobile-enabled=\"false\" data-break_parents=\"0\" data-bg-image=\"https:\/\/twl.it\/wp-content\/uploads\/2022\/12\/slide4-1.jpg\" data-bg-repeat=\"false\" data-bg-color=\"hsla(var(--awb-color8-h),var(--awb-color8-s),calc( var(--awb-color8-l) + 5% ),var(--awb-color8-a))\" ><\/div><div class=\"fusion-fullwidth fullwidth-box fusion-builder-row-3 fusion-flex-container has-pattern-background has-mask-background fusion-parallax-down nonhundred-percent-fullwidth non-hundred-percent-height-scrolling lazyload\" style=\"--awb-background-position:center bottom;--awb-border-sizes-top:0px;--awb-border-sizes-bottom:0px;--awb-border-sizes-left:0px;--awb-border-sizes-right:0px;--awb-border-radius-top-left:0px;--awb-border-radius-top-right:0px;--awb-border-radius-bottom-right:0px;--awb-border-radius-bottom-left:0px;--awb-padding-top:100px;--awb-padding-bottom:90px;--awb-padding-right-medium:40px;--awb-padding-left-medium:40px;--awb-padding-top-small:50px;--awb-padding-right-small:50px;--awb-padding-bottom-small:50px;--awb-padding-left-small:50px;--awb-background-color:hsla(var(--awb-color8-h),var(--awb-color8-s),calc( var(--awb-color8-l) + 5% ),var(--awb-color8-a));--awb-background-size:cover;--awb-flex-wrap:wrap;\" data-bg=\"https:\/\/twl.it\/wp-content\/uploads\/2022\/12\/slide4-1.jpg\" ><div class=\"fusion-builder-row fusion-row fusion-flex-align-items-flex-start fusion-flex-content-wrap\" style=\"max-width:1216.8px;margin-left: calc(-4% \/ 2 );margin-right: calc(-4% \/ 2 );\"><div class=\"fusion-layout-column fusion_builder_column fusion-builder-column-2 fusion_builder_column_2_3 2_3 fusion-flex-column\" style=\"--awb-bg-blend:overlay;--awb-bg-size:cover;--awb-width-large:66.666666666667%;--awb-margin-top-large:25px;--awb-spacing-right-large:33.33333333333333px;--awb-margin-bottom-large:25px;--awb-spacing-left-large:2.88%;--awb-width-medium:60%;--awb-order-medium:0;--awb-spacing-right-medium:33.33333333333333px;--awb-spacing-left-medium:3.2%;--awb-width-small:100%;--awb-order-small:0;--awb-spacing-right-small:1.92%;--awb-spacing-left-small:1.92%;\"><div class=\"fusion-column-wrapper fusion-column-has-shadow fusion-flex-justify-content-center fusion-content-layout-column\"><div class=\"fusion-text fusion-text-2\" style=\"--awb-font-size:40px;--awb-line-height:var(--awb-typography1-line-height);--awb-letter-spacing:var(--awb-typography1-letter-spacing);--awb-text-transform:var(--awb-typography1-text-transform);--awb-text-color:var(--awb-color1);--awb-margin-top:1px;--awb-text-font-family:var(--awb-typography1-font-family);--awb-text-font-weight:var(--awb-typography1-font-weight);--awb-text-font-style:var(--awb-typography1-font-style);\"><p>Unser Team steht Ihnen f\u00fcr weitere Informationen gerne zur Verf\u00fcgung.<\/p>\n<\/div><div class=\"fusion-separator\" style=\"align-self: flex-start;margin-right:auto;margin-top:0px;margin-bottom:32px;width:100%;max-width:206px;\"><div class=\"fusion-separator-border sep-single sep-solid\" style=\"--awb-height:20px;--awb-amount:20px;--awb-sep-color:var(--awb-color5);border-color:var(--awb-color5);border-top-width:2px;\"><\/div><\/div><\/div><\/div><div class=\"fusion-layout-column fusion_builder_column fusion-builder-column-3 fusion_builder_column_1_3 1_3 fusion-flex-column\" style=\"--awb-bg-blend:overlay;--awb-bg-size:cover;--awb-width-large:33.333333333333%;--awb-margin-top-large:0px;--awb-spacing-right-large:5.76%;--awb-margin-bottom-large:0px;--awb-spacing-left-large:16.666666666666664px;--awb-width-medium:40%;--awb-spacing-right-medium:4.8%;--awb-spacing-left-medium:16.666666666666664px;--awb-width-small:100%;--awb-spacing-right-small:1.92%;--awb-spacing-left-small:1.92%;\"><div class=\"fusion-column-wrapper fusion-flex-justify-content-center fusion-content-layout-column\"><div class=\"sm-text-align-left\" style=\"text-align:center;\"><a class=\"fusion-button button-flat button-xlarge button-custom fusion-button-default button-1 fusion-button-default-span fusion-button-default-type\" style=\"--button_accent_color:var(--awb-color1);--button_accent_hover_color:var(--awb-color4);--button_border_hover_color:var(--awb-color1);--button_gradient_top_color:var(--awb-color5);--button_gradient_bottom_color:var(--awb-color5);--button_gradient_top_color_hover:var(--awb-color8);--button_gradient_bottom_color_hover:var(--awb-color8);\" target=\"_self\" href=\"mailto:info@twl.it\"><span class=\"fusion-button-text awb-button__text awb-button__text--default\">ANGEBOT ANFORDERN<\/span><\/a><\/div><div class=\"fusion-separator fusion-full-width-sep\" style=\"align-self: center;margin-left: auto;margin-right: auto;margin-top:10px;width:100%;\"><\/div><div class=\"fusion-text fusion-text-3 sm-text-align-left\" style=\"--awb-content-alignment:center;--awb-text-color:var(--awb-color1);\"><p>Kontaktieren Sie uns unverbindlich!<\/p>\n<\/div><\/div><\/div><\/div><\/div><\/p>\n","protected":false},"excerpt":{"rendered":"","protected":false},"author":1,"featured_media":0,"parent":0,"menu_order":0,"comment_status":"closed","ping_status":"closed","template":"100-width.php","meta":{"footnotes":""},"class_list":["post-1681","page","type-page","status-publish","hentry"],"yoast_head":"<!-- This site is optimized with the Yoast SEO plugin v26.0 - https:\/\/yoast.com\/wordpress\/plugins\/seo\/ -->\n<title>Unsere Geschichte - TWL Srl<\/title>\n<meta name=\"robots\" content=\"index, follow, max-snippet:-1, max-image-preview:large, max-video-preview:-1\" \/>\n<link rel=\"canonical\" href=\"https:\/\/twl.it\/de\/unsere-geschichte\/\" \/>\n<meta property=\"og:locale\" content=\"de_DE\" \/>\n<meta property=\"og:type\" content=\"article\" \/>\n<meta property=\"og:title\" content=\"Unsere Geschichte - TWL Srl\" \/>\n<meta property=\"og:url\" content=\"https:\/\/twl.it\/de\/unsere-geschichte\/\" \/>\n<meta property=\"og:site_name\" content=\"TWL Srl\" \/>\n<meta property=\"article:modified_time\" content=\"2025-09-25T08:20:48+00:00\" \/>\n<meta name=\"twitter:card\" content=\"summary_large_image\" \/>\n<meta name=\"twitter:label1\" content=\"Gesch\u00e4tzte Lesezeit\" \/>\n\t<meta name=\"twitter:data1\" content=\"2\u00a0Minuten\" \/>\n<script type=\"application\/ld+json\" class=\"yoast-schema-graph\">{\"@context\":\"https:\/\/schema.org\",\"@graph\":[{\"@type\":\"WebPage\",\"@id\":\"https:\/\/twl.it\/de\/unsere-geschichte\/\",\"url\":\"https:\/\/twl.it\/de\/unsere-geschichte\/\",\"name\":\"Unsere Geschichte - TWL Srl\",\"isPartOf\":{\"@id\":\"https:\/\/twl.it\/#website\"},\"datePublished\":\"2015-12-04T02:09:22+00:00\",\"dateModified\":\"2025-09-25T08:20:48+00:00\",\"breadcrumb\":{\"@id\":\"https:\/\/twl.it\/de\/unsere-geschichte\/#breadcrumb\"},\"inLanguage\":\"de\",\"potentialAction\":[{\"@type\":\"ReadAction\",\"target\":[\"https:\/\/twl.it\/de\/unsere-geschichte\/\"]}]},{\"@type\":\"BreadcrumbList\",\"@id\":\"https:\/\/twl.it\/de\/unsere-geschichte\/#breadcrumb\",\"itemListElement\":[{\"@type\":\"ListItem\",\"position\":1,\"name\":\"Home\",\"item\":\"https:\/\/twl.it\/de\/\"},{\"@type\":\"ListItem\",\"position\":2,\"name\":\"Unsere Geschichte\"}]},{\"@type\":\"WebSite\",\"@id\":\"https:\/\/twl.it\/#website\",\"url\":\"https:\/\/twl.it\/\",\"name\":\"TWL Srl\",\"description\":\"Spedizioni internazionali\",\"publisher\":{\"@id\":\"https:\/\/twl.it\/#organization\"},\"potentialAction\":[{\"@type\":\"SearchAction\",\"target\":{\"@type\":\"EntryPoint\",\"urlTemplate\":\"https:\/\/twl.it\/?s={search_term_string}\"},\"query-input\":{\"@type\":\"PropertyValueSpecification\",\"valueRequired\":true,\"valueName\":\"search_term_string\"}}],\"inLanguage\":\"de\"},{\"@type\":\"Organization\",\"@id\":\"https:\/\/twl.it\/#organization\",\"name\":\"TWL Srl\",\"url\":\"https:\/\/twl.it\/\",\"logo\":{\"@type\":\"ImageObject\",\"inLanguage\":\"de\",\"@id\":\"https:\/\/twl.it\/#\/schema\/logo\/image\/\",\"url\":\"https:\/\/twl.it\/wp-content\/uploads\/2022\/12\/logo-twl_Tavola-disegno-1-1.jpg\",\"contentUrl\":\"https:\/\/twl.it\/wp-content\/uploads\/2022\/12\/logo-twl_Tavola-disegno-1-1.jpg\",\"width\":994,\"height\":296,\"caption\":\"TWL Srl\"},\"image\":{\"@id\":\"https:\/\/twl.it\/#\/schema\/logo\/image\/\"}}]}<\/script>\n<!-- \/ Yoast SEO plugin. -->","yoast_head_json":{"title":"Unsere Geschichte - TWL Srl","robots":{"index":"index","follow":"follow","max-snippet":"max-snippet:-1","max-image-preview":"max-image-preview:large","max-video-preview":"max-video-preview:-1"},"canonical":"https:\/\/twl.it\/de\/unsere-geschichte\/","og_locale":"de_DE","og_type":"article","og_title":"Unsere Geschichte - TWL Srl","og_url":"https:\/\/twl.it\/de\/unsere-geschichte\/","og_site_name":"TWL Srl","article_modified_time":"2025-09-25T08:20:48+00:00","twitter_card":"summary_large_image","twitter_misc":{"Gesch\u00e4tzte Lesezeit":"2\u00a0Minuten"},"schema":{"@context":"https:\/\/schema.org","@graph":[{"@type":"WebPage","@id":"https:\/\/twl.it\/de\/unsere-geschichte\/","url":"https:\/\/twl.it\/de\/unsere-geschichte\/","name":"Unsere Geschichte - TWL Srl","isPartOf":{"@id":"https:\/\/twl.it\/#website"},"datePublished":"2015-12-04T02:09:22+00:00","dateModified":"2025-09-25T08:20:48+00:00","breadcrumb":{"@id":"https:\/\/twl.it\/de\/unsere-geschichte\/#breadcrumb"},"inLanguage":"de","potentialAction":[{"@type":"ReadAction","target":["https:\/\/twl.it\/de\/unsere-geschichte\/"]}]},{"@type":"BreadcrumbList","@id":"https:\/\/twl.it\/de\/unsere-geschichte\/#breadcrumb","itemListElement":[{"@type":"ListItem","position":1,"name":"Home","item":"https:\/\/twl.it\/de\/"},{"@type":"ListItem","position":2,"name":"Unsere Geschichte"}]},{"@type":"WebSite","@id":"https:\/\/twl.it\/#website","url":"https:\/\/twl.it\/","name":"TWL Srl","description":"Spedizioni internazionali","publisher":{"@id":"https:\/\/twl.it\/#organization"},"potentialAction":[{"@type":"SearchAction","target":{"@type":"EntryPoint","urlTemplate":"https:\/\/twl.it\/?s={search_term_string}"},"query-input":{"@type":"PropertyValueSpecification","valueRequired":true,"valueName":"search_term_string"}}],"inLanguage":"de"},{"@type":"Organization","@id":"https:\/\/twl.it\/#organization","name":"TWL Srl","url":"https:\/\/twl.it\/","logo":{"@type":"ImageObject","inLanguage":"de","@id":"https:\/\/twl.it\/#\/schema\/logo\/image\/","url":"https:\/\/twl.it\/wp-content\/uploads\/2022\/12\/logo-twl_Tavola-disegno-1-1.jpg","contentUrl":"https:\/\/twl.it\/wp-content\/uploads\/2022\/12\/logo-twl_Tavola-disegno-1-1.jpg","width":994,"height":296,"caption":"TWL Srl"},"image":{"@id":"https:\/\/twl.it\/#\/schema\/logo\/image\/"}}]}},"_links":{"self":[{"href":"https:\/\/twl.it\/de\/wp-json\/wp\/v2\/pages\/1681","targetHints":{"allow":["GET"]}}],"collection":[{"href":"https:\/\/twl.it\/de\/wp-json\/wp\/v2\/pages"}],"about":[{"href":"https:\/\/twl.it\/de\/wp-json\/wp\/v2\/types\/page"}],"author":[{"embeddable":true,"href":"https:\/\/twl.it\/de\/wp-json\/wp\/v2\/users\/1"}],"replies":[{"embeddable":true,"href":"https:\/\/twl.it\/de\/wp-json\/wp\/v2\/comments?post=1681"}],"version-history":[{"count":6,"href":"https:\/\/twl.it\/de\/wp-json\/wp\/v2\/pages\/1681\/revisions"}],"predecessor-version":[{"id":1972,"href":"https:\/\/twl.it\/de\/wp-json\/wp\/v2\/pages\/1681\/revisions\/1972"}],"wp:attachment":[{"href":"https:\/\/twl.it\/de\/wp-json\/wp\/v2\/media?parent=1681"}],"curies":[{"name":"wp","href":"https:\/\/api.w.org\/{rel}","templated":true}]}}